{"id":13662,"date":"2025-11-19T09:21:39","date_gmt":"2025-11-19T09:21:39","guid":{"rendered":"https:\/\/regen-ai-institute.com\/?page_id=13662"},"modified":"2025-12-03T09:07:25","modified_gmt":"2025-12-03T09:07:25","slug":"was-ist-ein-regeneratives-ki-system","status":"publish","type":"page","link":"https:\/\/regen-ai-institute.com\/de\/what-is-regenerative-ai-system\/","title":{"rendered":"Regenerative KI"},"content":{"rendered":"<div data-elementor-type=\"wp-page\" data-elementor-id=\"13662\" class=\"elementor elementor-13662\">\n\t\t\t\t<div class=\"elementor-element elementor-element-77615c9 e-flex e-con-boxed e-con e-parent\" data-id=\"77615c9\" data-element_type=\"container\" data-e-type=\"container\">\n\t\t\t\t\t<div class=\"e-con-inner\">\n\t\t\t\t<div class=\"elementor-element elementor-element-0dba815 elementor-widget elementor-widget-text-editor\" data-id=\"0dba815\" data-element_type=\"widget\" data-e-type=\"widget\" data-widget_type=\"text-editor.default\">\n\t\t\t\t<div class=\"elementor-widget-container\">\n\t\t\t\t\t\t\t\t\t<h1>What is Regenerative AI?<\/h1>\t\t\t\t\t\t\t\t<\/div>\n\t\t\t\t<\/div>\n\t\t\t\t\t<\/div>\n\t\t\t\t<\/div>\n\t\t<div class=\"elementor-element elementor-element-cce7e34 e-flex e-con-boxed e-con e-parent\" data-id=\"cce7e34\" data-element_type=\"container\" data-e-type=\"container\">\n\t\t\t\t\t<div class=\"e-con-inner\">\n\t\t<div class=\"elementor-element elementor-element-3595ad3 e-con-full e-flex e-con e-child\" data-id=\"3595ad3\" data-element_type=\"container\" data-e-type=\"container\">\n\t\t\t\t<div class=\"elementor-element elementor-element-055f7aa elementor-widget__width-initial elementor-widget elementor-widget-text-editor\" data-id=\"055f7aa\" data-element_type=\"widget\" data-e-type=\"widget\" data-widget_type=\"text-editor.default\">\n\t\t\t\t<div class=\"elementor-widget-container\">\n\t\t\t\t\t\t\t\t\t<h3 data-start=\"376\" data-end=\"473\"><strong data-start=\"378\" data-end=\"473\">Wie Regenerative KI funktioniert \u2014 Ein tiefer Einblick in die Zukunft intelligenter, nachhaltiger Systeme<\/strong><\/h3><p data-start=\"475\" data-end=\"899\">\u00a0<\/p>\t\t\t\t\t\t\t\t<\/div>\n\t\t\t\t<\/div>\n\t\t\t\t<\/div>\n\t\t<div class=\"elementor-element elementor-element-5c17734 e-con-full e-flex e-con e-child\" data-id=\"5c17734\" data-element_type=\"container\" data-e-type=\"container\">\n\t\t\t\t<div class=\"elementor-element elementor-element-92851ee elementor-widget elementor-widget-text-editor\" data-id=\"92851ee\" data-element_type=\"widget\" data-e-type=\"widget\" data-widget_type=\"text-editor.default\">\n\t\t\t\t<div class=\"elementor-widget-container\">\n\t\t\t\t\t\t\t\t\t<p data-start=\"475\" data-end=\"899\">Regenerative KI stellt den n\u00e4chsten evolution\u00e4ren Schritt in der K\u00fcnstlichen Intelligenz dar. Im Gegensatz zur traditionellen KI, die sich auf Automatisierung oder Vorhersage konzentriert, ist Regenerative KI darauf ausgelegt, <strong data-start=\"654\" data-end=\"691\">restore, optimize, and strengthen<\/strong> the systems it interacts with. It does not merely \u201cgenerate outputs\u201d; it <strong data-start=\"765\" data-end=\"804\">continuously improves system health<\/strong>, enhances decision quality, and creates sustainable value through adaptive intelligence loops.<\/p><p data-start=\"901\" data-end=\"1073\">This article explains <strong data-start=\"923\" data-end=\"952\">how Regenerative AI works<\/strong>, what mechanisms power it, and why it is becoming the defining architecture for future-ready, responsible organizations.<\/p>\t\t\t\t\t\t\t\t<\/div>\n\t\t\t\t<\/div>\n\t\t\t\t<\/div>\n\t\t<div class=\"elementor-element elementor-element-467d265 e-con-full e-flex e-con e-child\" data-id=\"467d265\" data-element_type=\"container\" data-e-type=\"container\">\n\t\t\t\t<div class=\"elementor-element elementor-element-0e45a38 elementor-widget elementor-widget-text-editor\" data-id=\"0e45a38\" data-element_type=\"widget\" data-e-type=\"widget\" data-widget_type=\"text-editor.default\">\n\t\t\t\t<div class=\"elementor-widget-container\">\n\t\t\t\t\t\t\t\t\t<h3 data-start=\"1080\" data-end=\"1144\"><strong data-start=\"1083\" data-end=\"1144\">The Core Principle: Regeneration Instead of Extraction<\/strong><\/h3><p data-start=\"1146\" data-end=\"1283\">Traditional AI operates on an <strong data-start=\"1176\" data-end=\"1196\">extractive model<\/strong>: it consumes data, produces an output, and stops. Regenerative AI works differently.<\/p><p data-start=\"1285\" data-end=\"1336\">It operates on a <strong data-start=\"1302\" data-end=\"1335\">circular, self-improving loop<\/strong>:<\/p><ul><li data-start=\"1341\" data-end=\"1350\">Observe<\/li><li data-start=\"1354\" data-end=\"1366\">Understand<\/li><li data-start=\"1370\" data-end=\"1382\">Regenerate<\/li><li data-start=\"1386\" data-end=\"1396\">Optimize<\/li><li data-start=\"1400\" data-end=\"1412\">Strengthen<\/li><\/ul><p data-start=\"1414\" data-end=\"1529\">This allows it to correct weaknesses, restore missing links, and reinforce system performance with every iteration.<\/p>\t\t\t\t\t\t\t\t<\/div>\n\t\t\t\t<\/div>\n\t\t\t\t<\/div>\n\t\t<div class=\"elementor-element elementor-element-ec64bde e-con-full e-flex e-con e-child\" data-id=\"ec64bde\" data-element_type=\"container\" data-e-type=\"container\">\n\t\t\t\t<div class=\"elementor-element elementor-element-336ca42 elementor-widget elementor-widget-text-editor\" data-id=\"336ca42\" data-element_type=\"widget\" data-e-type=\"widget\" data-widget_type=\"text-editor.default\">\n\t\t\t\t<div class=\"elementor-widget-container\">\n\t\t\t\t\t\t\t\t\t<h3 data-start=\"1531\" data-end=\"1559\"><strong data-start=\"1535\" data-end=\"1557\">Key mindset shift:<\/strong><\/h3><blockquote data-start=\"1560\" data-end=\"1761\"><p data-start=\"1562\" data-end=\"1761\"><strong data-start=\"1562\" data-end=\"1761\">Regenerative AI is not built to replace humans or automate blindly.<br data-start=\"1631\" data-end=\"1634\" \/>It is built to strengthen the ecosystem \u2014 human, technological, economic, cognitive, or environmental \u2014 in which it operates.<\/strong><\/p><\/blockquote><p data-start=\"1763\" data-end=\"1974\">This regenerative philosophy is the foundation of the Regen AI Institute\u2019s scientific models, including the <strong data-start=\"1871\" data-end=\"1888\">Regen-5 Model<\/strong>, the <strong data-start=\"1894\" data-end=\"1929\">Cognitive Alignment Layer (CAL)<\/strong>, and <strong data-start=\"1935\" data-end=\"1973\">Adaptive Regeneration Loops (ARLs)<\/strong>.<\/p>\t\t\t\t\t\t\t\t<\/div>\n\t\t\t\t<\/div>\n\t\t\t\t<\/div>\n\t\t\t\t\t<\/div>\n\t\t\t\t<\/div>\n\t\t<div class=\"elementor-element elementor-element-b356e40 e-flex e-con-boxed e-con e-parent\" data-id=\"b356e40\" data-element_type=\"container\" data-e-type=\"container\">\n\t\t\t\t\t<div class=\"e-con-inner\">\n\t\t\t\t<div class=\"elementor-element elementor-element-0b2d495 elementor-widget elementor-widget-text-editor\" data-id=\"0b2d495\" data-element_type=\"widget\" data-e-type=\"widget\" data-widget_type=\"text-editor.default\">\n\t\t\t\t<div class=\"elementor-widget-container\">\n\t\t\t\t\t\t\t\t\t<h4 data-start=\"1981\" data-end=\"2037\"><strong data-start=\"1984\" data-end=\"2037\">The Engine: Adaptive Regeneration Loops (ARLs)<\/strong><\/h4><p data-start=\"2039\" data-end=\"2195\">At the heart of how Regenerative AI works are <strong data-start=\"2085\" data-end=\"2116\">Adaptive Regeneration Loops<\/strong>, which turn data, decisions, and interactions into continuous system upgrades.<\/p><p data-start=\"2197\" data-end=\"2243\">An ARL consists of four interconnected stages:<\/p><h4><strong data-start=\"2249\" data-end=\"2271\">(1) System Sensing<\/strong><\/h4><p data-start=\"2274\" data-end=\"2433\">The AI continuously monitors signals across the system \u2014 cognitive signals, environmental variables, operational metrics, risk indicators, and human decisions.<\/p><h4 data-start=\"2435\" data-end=\"2470\"><strong data-start=\"2439\" data-end=\"2468\">(2) Pattern Understanding<\/strong><\/h4><p data-start=\"2471\" data-end=\"2569\">It identifies systemic relationships, bottlenecks, vulnerabilities, or regenerative opportunities.<\/p><h4 data-start=\"2571\" data-end=\"2604\"><strong data-start=\"2575\" data-end=\"2602\">(3) Regenerative Action<\/strong><\/h4><p data-start=\"2605\" data-end=\"2734\">Unlike traditional AI, which only recommends actions, Regenerative AI performs <em data-start=\"2684\" data-end=\"2733\">actions that repair or enhance system structure<\/em>:<\/p><ul data-start=\"2736\" data-end=\"2910\"><li data-start=\"2736\" data-end=\"2762\"><p data-start=\"2738\" data-end=\"2762\">restoring data quality<\/p><\/li><li data-start=\"2763\" data-end=\"2794\"><p data-start=\"2765\" data-end=\"2794\">reducing cognitive overload<\/p><\/li><li data-start=\"2795\" data-end=\"2822\"><p data-start=\"2797\" data-end=\"2822\">optimizing resource use<\/p><\/li><li data-start=\"2823\" data-end=\"2858\"><p data-start=\"2825\" data-end=\"2858\">strengthening decision pathways<\/p><\/li><li data-start=\"2859\" data-end=\"2883\"><p data-start=\"2861\" data-end=\"2883\">improving resilience<\/p><\/li><li data-start=\"2884\" data-end=\"2910\"><p data-start=\"2886\" data-end=\"2910\">closing feedback loops<\/p><\/li><\/ul><h4 data-start=\"2912\" data-end=\"2946\"><strong data-start=\"2916\" data-end=\"2944\">(4) System Reinforcement<\/strong><\/h4><p data-start=\"2947\" data-end=\"3097\">Every action is evaluated through multi-layer feedback. The system becomes stronger over time, like a biological organism adapting to its environment.<\/p><p data-start=\"3099\" data-end=\"3241\">This continuous regenerative cycle allows organizations to achieve <strong data-start=\"3166\" data-end=\"3240\">higher stability, lower risk, and exponential long-term value creation<\/strong>.<\/p><h3 data-start=\"3248\" data-end=\"3313\"><strong data-start=\"3251\" data-end=\"3313\">3. The Cognitive Alignment Layer (CAL): The Human\u2013AI Brain<\/strong><\/h3><p data-start=\"3315\" data-end=\"3483\">A breakthrough innovation in Regenerative AI is the <strong data-start=\"3367\" data-end=\"3396\">Cognitive Alignment Layer<\/strong>, an AI architecture that aligns machine reasoning with human decision-making patterns.<\/p><p data-start=\"3485\" data-end=\"3575\">CAL ensures that Regenerative AI works <strong data-start=\"3524\" data-end=\"3532\">with<\/strong> humans, not against them.<br data-start=\"3558\" data-end=\"3561\" \/>It integrates:<\/p><ul data-start=\"3577\" data-end=\"3693\"><li data-start=\"3577\" data-end=\"3598\"><p data-start=\"3579\" data-end=\"3598\">cognitive science<\/p><\/li><li data-start=\"3599\" data-end=\"3622\"><p data-start=\"3601\" data-end=\"3622\">behavioral modeling<\/p><\/li><li data-start=\"3623\" data-end=\"3642\"><p data-start=\"3625\" data-end=\"3642\">decision theory<\/p><\/li><li data-start=\"3643\" data-end=\"3665\"><p data-start=\"3645\" data-end=\"3665\">ethical priorities<\/p><\/li><li data-start=\"3666\" data-end=\"3693\"><p data-start=\"3668\" data-end=\"3693\">organizational strategy<\/p><\/li><\/ul><p data-start=\"3695\" data-end=\"3715\">This layer analyzes:<\/p><ul data-start=\"3717\" data-end=\"3872\"><li data-start=\"3717\" data-end=\"3737\"><p data-start=\"3719\" data-end=\"3737\">how humans think<\/p><\/li><li data-start=\"3738\" data-end=\"3773\"><p data-start=\"3740\" data-end=\"3773\">why they choose certain actions<\/p><\/li><li data-start=\"3774\" data-end=\"3806\"><p data-start=\"3776\" data-end=\"3806\">what cognitive biases appear<\/p><\/li><li data-start=\"3807\" data-end=\"3836\"><p data-start=\"3809\" data-end=\"3836\">where misalignment exists<\/p><\/li><li data-start=\"3837\" data-end=\"3872\"><p data-start=\"3839\" data-end=\"3872\">how to enhance decision quality<\/p><\/li><\/ul><p data-start=\"3874\" data-end=\"3934\">Through CAL, Regenerative AI supports human intelligence by:<\/p><ul data-start=\"3936\" data-end=\"4078\"><li data-start=\"3936\" data-end=\"3963\"><p data-start=\"3938\" data-end=\"3963\">reducing cognitive load<\/p><\/li><li data-start=\"3964\" data-end=\"3989\"><p data-start=\"3966\" data-end=\"3989\">clarifying complexity<\/p><\/li><li data-start=\"3990\" data-end=\"4011\"><p data-start=\"3992\" data-end=\"4011\">guiding reasoning<\/p><\/li><li data-start=\"4012\" data-end=\"4033\"><p data-start=\"4014\" data-end=\"4033\">preventing errors<\/p><\/li><li data-start=\"4034\" data-end=\"4078\"><p data-start=\"4036\" data-end=\"4078\">reinforcing long-term strategic thinking<\/p><\/li><\/ul><p data-start=\"4080\" data-end=\"4182\"><strong data-start=\"4080\" data-end=\"4182\">This is one of the reasons Regenerative AI is transforming leadership, management, and governance.<\/strong><\/p>\t\t\t\t\t\t\t\t<\/div>\n\t\t\t\t<\/div>\n\t\t\t\t\t<\/div>\n\t\t\t\t<\/div>\n\t\t<div class=\"elementor-element elementor-element-e32a659 e-flex e-con-boxed e-con e-parent\" data-id=\"e32a659\" data-element_type=\"container\" data-e-type=\"container\">\n\t\t\t\t\t<div class=\"e-con-inner\">\n\t\t\t\t<div class=\"elementor-element elementor-element-b451fb6 elementor-widget elementor-widget-text-editor\" data-id=\"b451fb6\" data-element_type=\"widget\" data-e-type=\"widget\" data-widget_type=\"text-editor.default\">\n\t\t\t\t<div class=\"elementor-widget-container\">\n\t\t\t\t\t\t\t\t\t<h3 data-start=\"4189\" data-end=\"4260\"><strong data-start=\"4192\" data-end=\"4260\">Multi-Layer Intelligence: How Regenerative AI Makes Decisions<\/strong><\/h3><p data-start=\"4262\" data-end=\"4409\">Regenerative AI does not rely on a single algorithm or model. Instead, it orchestrates <strong data-start=\"4349\" data-end=\"4380\">five layers of intelligence<\/strong>, based on the Regen-5 Model:<\/p><h4 data-start=\"4411\" data-end=\"4457\"><strong data-start=\"4415\" data-end=\"4455\">Layer 1 \u2014 Observational Intelligence<\/strong><\/h4><p data-start=\"4458\" data-end=\"4562\">Collects and contextualizes signals across the full ecosystem (data, operations, behavior, environment).<\/p><h4 data-start=\"4564\" data-end=\"4609\"><strong data-start=\"4568\" data-end=\"4607\">Layer 2 \u2014 Interpretive Intelligence<\/strong><\/h4><p data-start=\"4610\" data-end=\"4666\">Understands meaning, values, and systemic relationships.<\/p><h4 data-start=\"4668\" data-end=\"4713\"><strong data-start=\"4672\" data-end=\"4711\">Layer 3 \u2014 Deliberative Intelligence<\/strong><\/h4><p data-start=\"4714\" data-end=\"4842\">Uses the <strong data-start=\"4723\" data-end=\"4754\">Deliberation State Equation<\/strong> to simulate scenarios, consequences, ethical constraints, and long-term system effects.<\/p><h4 data-start=\"4844\" data-end=\"4889\"><strong data-start=\"4848\" data-end=\"4887\">Layer 4 \u2014 Regenerative Intelligence<\/strong><\/h4><p data-start=\"4890\" data-end=\"4942\">Acts to strengthen, restore, or optimize the system.<\/p><h4 data-start=\"4944\" data-end=\"4986\"><strong data-start=\"4948\" data-end=\"4984\">Layer 5 \u2014 Alignment Intelligence<\/strong><\/h4><p data-start=\"4987\" data-end=\"5080\">Ensures decisions align with human values, sustainability goals, and organizational strategy.<\/p><p data-start=\"5082\" data-end=\"5228\">Through this layered architecture, Regenerative AI delivers <strong data-start=\"5142\" data-end=\"5194\">strategic, ethical, and sustainable intelligence<\/strong> rather than isolated predictions.<\/p><h3 data-start=\"5235\" data-end=\"5311\"><strong data-start=\"5238\" data-end=\"5311\">5. Feedback and Foresight: Continuous Regeneration Through Data Loops<\/strong><\/h3><p data-start=\"5313\" data-end=\"5413\">A defining characteristic of how Regenerative AI works is its <strong data-start=\"5375\" data-end=\"5412\">closed-loop feedback architecture<\/strong>:<\/p><ul><li data-start=\"5418\" data-end=\"5452\">Every action generates new data.<\/li><li data-start=\"5456\" data-end=\"5502\">New data updates the system\u2019s understanding.<\/li><li data-start=\"5506\" data-end=\"5558\">Understanding shapes the next regenerative action.<\/li><li data-start=\"5562\" data-end=\"5613\">The system becomes more resilient with every cycle.<\/li><\/ul><p data-start=\"5615\" data-end=\"5690\">This creates a compound effect \u2014 systems don\u2019t just perform; they <em data-start=\"5681\" data-end=\"5689\">evolve<\/em>.<\/p><p data-start=\"5692\" data-end=\"5762\">Additionally, Regenerative AI uses <strong data-start=\"5727\" data-end=\"5747\">foresight models<\/strong> to anticipate:<\/p><ul data-start=\"5764\" data-end=\"5885\"><li data-start=\"5764\" data-end=\"5790\"><p data-start=\"5766\" data-end=\"5790\">long-term consequences<\/p><\/li><li data-start=\"5791\" data-end=\"5814\"><p data-start=\"5793\" data-end=\"5814\">system-wide effects<\/p><\/li><li data-start=\"5815\" data-end=\"5846\"><p data-start=\"5817\" data-end=\"5846\">sustainability implications<\/p><\/li><li data-start=\"5847\" data-end=\"5864\"><p data-start=\"5849\" data-end=\"5864\">ethical risks<\/p><\/li><li data-start=\"5865\" data-end=\"5885\"><p data-start=\"5867\" data-end=\"5885\">resource impacts<\/p><\/li><\/ul><p data-start=\"5887\" data-end=\"5986\">Where traditional AI optimizes a single metric, Regenerative AI optimizes the <strong data-start=\"5965\" data-end=\"5985\">entire ecosystem<\/strong>.<\/p><p data-start=\"5887\" data-end=\"5986\">\u00a0<\/p><h2 data-start=\"5993\" data-end=\"6037\"><strong data-start=\"5996\" data-end=\"6037\">Regenerative AI as a Living System<\/strong><\/h2><p data-start=\"6039\" data-end=\"6164\">Another crucial insight into how Regenerative AI works is understanding that it behaves like a <strong data-start=\"6134\" data-end=\"6163\">living, learning organism<\/strong>:<\/p><ul data-start=\"6166\" data-end=\"6242\"><li data-start=\"6166\" data-end=\"6180\"><p data-start=\"6168\" data-end=\"6180\">It senses.<\/p><\/li><li data-start=\"6181\" data-end=\"6195\"><p data-start=\"6183\" data-end=\"6195\">It adapts.<\/p><\/li><li data-start=\"6196\" data-end=\"6215\"><p data-start=\"6198\" data-end=\"6215\">It regenerates.<\/p><\/li><li data-start=\"6216\" data-end=\"6242\"><p data-start=\"6218\" data-end=\"6242\">It strengthens itself.<\/p><\/li><\/ul><p data-start=\"6244\" data-end=\"6372\">Through its regenerative mechanisms, the AI develops growing internal coherence, systemic alignment, and operational resilience.<\/p><p data-start=\"6374\" data-end=\"6427\">This is why Regenerative AI is increasingly used for:<\/p><ul data-start=\"6429\" data-end=\"6614\"><li data-start=\"6429\" data-end=\"6451\"><p data-start=\"6431\" data-end=\"6451\">corporate strategy<\/p><\/li><li data-start=\"6452\" data-end=\"6473\"><p data-start=\"6454\" data-end=\"6473\">public governance<\/p><\/li><li data-start=\"6474\" data-end=\"6493\"><p data-start=\"6476\" data-end=\"6493\">risk management<\/p><\/li><li data-start=\"6494\" data-end=\"6525\"><p data-start=\"6496\" data-end=\"6525\">sustainable decision-making<\/p><\/li><li data-start=\"6526\" data-end=\"6553\"><p data-start=\"6528\" data-end=\"6553\">healthcare optimization<\/p><\/li><li data-start=\"6554\" data-end=\"6576\"><p data-start=\"6556\" data-end=\"6576\">complex operations<\/p><\/li><li data-start=\"6577\" data-end=\"6614\"><p data-start=\"6579\" data-end=\"6614\">climate and resource intelligence<\/p><\/li><\/ul><p data-start=\"6616\" data-end=\"6736\">It is the first AI approach capable of thriving in environments defined by uncertainty, complexity, and interdependency.<\/p><h2 data-start=\"7450\" data-end=\"7494\"><strong data-start=\"7453\" data-end=\"7494\">The Role of the Regen AI Institute<\/strong><\/h2><p data-start=\"7496\" data-end=\"7627\">The <strong data-start=\"7500\" data-end=\"7522\">Regen AI Institut<\/strong>, founded by <strong data-start=\"7535\" data-end=\"7555\">Aleksandra Pinar<\/strong>, is the global scientific authority defining how Regenerative AI works.<\/p><p data-start=\"7629\" data-end=\"7655\">The Institute established:<\/p><ul data-start=\"7657\" data-end=\"7880\"><li data-start=\"7657\" data-end=\"7682\"><p data-start=\"7659\" data-end=\"7682\">the <strong data-start=\"7663\" data-end=\"7680\">Regen-5 Model<\/strong><\/p><\/li><li data-start=\"7683\" data-end=\"7718\"><p data-start=\"7685\" data-end=\"7718\"><strong data-start=\"7685\" data-end=\"7716\">CARES, RADA, CRDP frameworks<\/strong><\/p><\/li><li data-start=\"7719\" data-end=\"7756\"><p data-start=\"7721\" data-end=\"7756\">the <strong data-start=\"7725\" data-end=\"7754\">Cognitive Alignment Layer<\/strong><\/p><\/li><li data-start=\"7757\" data-end=\"7796\"><p data-start=\"7759\" data-end=\"7796\">the <strong data-start=\"7763\" data-end=\"7794\">Deliberation State Equation<\/strong><\/p><\/li><li data-start=\"7797\" data-end=\"7835\"><p data-start=\"7799\" data-end=\"7835\">Prinzipien der regenerativen Governance<\/p><\/li><li data-start=\"7836\" data-end=\"7880\"><p data-start=\"7838\" data-end=\"7880\">system taxonomies and formal definitions<\/p><\/li><\/ul><p data-start=\"7882\" data-end=\"7994\">These scientific foundations make Regenerative AI a <strong data-start=\"7934\" data-end=\"7973\">formal, patent-protected discipline<\/strong> rather than a trend.<\/p><p data-start=\"7996\" data-end=\"8109\">Organizations worldwide rely on the Institute\u2019s research to deploy Regenerative AI responsibly and strategically.<\/p><p data-start=\"8135\" data-end=\"8434\">Regenerative AI works by creating <strong data-start=\"8169\" data-end=\"8203\">adaptive, self-improving loops<\/strong> that strengthen system health, align human and machine intelligence, reduce risk, and deliver long-term sustainable value. It is the first AI paradigm designed for a world of complexity, uncertainty, and interconnected challenges.<\/p><p data-start=\"8436\" data-end=\"8549\">Regenerative AI is not simply the future of AI \u2014 it is the future of intelligent, ethical, and resilient systems.<\/p>\t\t\t\t\t\t\t\t<\/div>\n\t\t\t\t<\/div>\n\t\t\t\t\t<\/div>\n\t\t\t\t<\/div>\n\t\t<div class=\"elementor-element elementor-element-1191685 e-flex e-con-boxed e-con e-parent\" data-id=\"1191685\" data-element_type=\"container\" data-e-type=\"container\">\n\t\t\t\t\t<div class=\"e-con-inner\">\n\t\t\t\t<div class=\"elementor-element elementor-element-890351d elementor-widget elementor-widget-text-editor\" data-id=\"890351d\" data-element_type=\"widget\" data-e-type=\"widget\" data-widget_type=\"text-editor.default\">\n\t\t\t\t<div class=\"elementor-widget-container\">\n\t\t\t\t\t\t\t\t\t<h2><strong data-start=\"126\" data-end=\"154\">What is Regenerative AI?<\/strong><\/h2><p>It is a new scientific approach to building adaptive, aligned, and continuously improving intelligent systems.<\/p><h3><strong data-start=\"266\" data-end=\"293\">Was ist Regenerative KI?<\/strong> in practice?<\/h3><p>A closed-loop architecture that strengthens decisions over time.<\/p><h4>Ultimately, <strong data-start=\"384\" data-end=\"411\">what is Regenerative AI<\/strong>?<\/h4><p>A transformative paradigm for sustainable, human-centered intelligence.<\/p>\t\t\t\t\t\t\t\t<\/div>\n\t\t\t\t<\/div>\n\t\t\t\t\t<\/div>\n\t\t\t\t<\/div>\n\t\t<div class=\"elementor-element elementor-element-2f44021 e-flex e-con-boxed e-con e-parent\" data-id=\"2f44021\" data-element_type=\"container\" data-e-type=\"container\">\n\t\t\t\t\t<div class=\"e-con-inner\">\n\t\t\t\t<div class=\"elementor-element elementor-element-d5d1d25 elementor-widget elementor-widget-image\" data-id=\"d5d1d25\" data-element_type=\"widget\" data-e-type=\"widget\" data-widget_type=\"image.default\">\n\t\t\t\t<div class=\"elementor-widget-container\">\n\t\t\t\t\t\t\t\t\t\t\t\t\t\t\t<img loading=\"lazy\" decoding=\"async\" width=\"853\" height=\"1024\" src=\"https:\/\/i0.wp.com\/regen-ai-institute.com\/wp-content\/uploads\/2025\/11\/REGEN-AI-institute-2500-x-3000-px-scaled.png?fit=853%2C1024&amp;ssl=1\" class=\"attachment-large size-large wp-image-13511\" alt=\"what is regenerative ai\" srcset=\"https:\/\/i0.wp.com\/regen-ai-institute.com\/wp-content\/uploads\/2025\/11\/REGEN-AI-institute-2500-x-3000-px-scaled.png?w=2133&amp;ssl=1 2133w, https:\/\/i0.wp.com\/regen-ai-institute.com\/wp-content\/uploads\/2025\/11\/REGEN-AI-institute-2500-x-3000-px-scaled.png?resize=250%2C300&amp;ssl=1 250w, https:\/\/i0.wp.com\/regen-ai-institute.com\/wp-content\/uploads\/2025\/11\/REGEN-AI-institute-2500-x-3000-px-scaled.png?resize=853%2C1024&amp;ssl=1 853w, https:\/\/i0.wp.com\/regen-ai-institute.com\/wp-content\/uploads\/2025\/11\/REGEN-AI-institute-2500-x-3000-px-scaled.png?resize=768%2C922&amp;ssl=1 768w, https:\/\/i0.wp.com\/regen-ai-institute.com\/wp-content\/uploads\/2025\/11\/REGEN-AI-institute-2500-x-3000-px-scaled.png?resize=600%2C720&amp;ssl=1 600w\" sizes=\"auto, (max-width: 853px) 100vw, 853px\" \/>\t\t\t\t\t\t\t\t\t\t\t\t\t\t\t<\/div>\n\t\t\t\t<\/div>\n\t\t\t\t\t<\/div>\n\t\t\t\t<\/div>\n\t\t\t\t<\/div>","protected":false},"excerpt":{"rendered":"<p>What is Regenerative AI? How Regenerative AI Works \u2014 A Deep Dive Into the Future of Intelligent, Sustainable Systems Regenerative AI represents the next evolutionary step in artificial intelligence. Unlike traditional AI, which focuses on automation or prediction, Regenerative AI is&#8230;<\/p>","protected":false},"author":1,"featured_media":0,"parent":0,"menu_order":0,"comment_status":"closed","ping_status":"closed","template":"","meta":{"_acf_changed":false,"nf_dc_page":"","_sitemap_exclude":false,"_sitemap_priority":"","_sitemap_frequency":"","footnotes":""},"class_list":["post-13662","page","type-page","status-publish","hentry"],"acf":[],"jetpack_sharing_enabled":true,"_links":{"self":[{"href":"https:\/\/regen-ai-institute.com\/de\/wp-json\/wp\/v2\/pages\/13662","targetHints":{"allow":["GET"]}}],"collection":[{"href":"https:\/\/regen-ai-institute.com\/de\/wp-json\/wp\/v2\/pages"}],"about":[{"href":"https:\/\/regen-ai-institute.com\/de\/wp-json\/wp\/v2\/types\/page"}],"author":[{"embeddable":true,"href":"https:\/\/regen-ai-institute.com\/de\/wp-json\/wp\/v2\/users\/1"}],"replies":[{"embeddable":true,"href":"https:\/\/regen-ai-institute.com\/de\/wp-json\/wp\/v2\/comments?post=13662"}],"version-history":[{"count":13,"href":"https:\/\/regen-ai-institute.com\/de\/wp-json\/wp\/v2\/pages\/13662\/revisions"}],"predecessor-version":[{"id":13990,"href":"https:\/\/regen-ai-institute.com\/de\/wp-json\/wp\/v2\/pages\/13662\/revisions\/13990"}],"wp:attachment":[{"href":"https:\/\/regen-ai-institute.com\/de\/wp-json\/wp\/v2\/media?parent=13662"}],"curies":[{"name":"wp","href":"https:\/\/api.w.org\/{rel}","templated":true}]}}